{"id":166,"date":"2020-03-26T15:23:36","date_gmt":"2020-03-26T14:23:36","guid":{"rendered":"https:\/\/www.fsmuw.rwth-aachen.de\/?page_id=166"},"modified":"2024-06-11T15:11:41","modified_gmt":"2024-06-11T13:11:41","slug":"vdah","status":"publish","type":"page","link":"https:\/\/www.fsmuw.rwth-aachen.de\/en\/vdah\/","title":{"rendered":"Association of Aachen Hut People"},"content":{"rendered":"<p>Der Verein der Aachener H\u00fcttenleute e.V. (VdAH) unterst\u00fctzt seit 2012 die Fachschaft Materialwissenschaft und Werkstofftechnik der RWTH Aachen, f\u00f6rdert studentische Initiativen und st\u00e4rkt die Verbindung zwischen akademischer Ausbildung und Industrie.<\/p>\n\n\n\n<p>Mehr dazu auf unserer neuen Website <a href=\"https:\/\/vdah.fsmuw.rwth-aachen.de\" data-type=\"link\" data-id=\"vdah.fsmuw.rwth-aachen.de\" target=\"_blank\" rel=\"noreferrer noopener nofollow\">vdah.fsmuw.rwth-aachen.de<\/a>.<\/p>","protected":false},"excerpt":{"rendered":"<p>Der Verein der Aachener H\u00fcttenleute e.V. (VdAH) unterst\u00fctzt seit 2012 die Fachschaft Materialwissenschaft und Werkstofftechnik der RWTH Aachen, f\u00f6rdert studentische Initiativen und st\u00e4rkt die Verbindung&hellip;<\/p>","protected":false},"author":2,"featured_media":0,"parent":0,"menu_order":0,"comment_status":"closed","ping_status":"closed","template":"","meta":{"footnotes":""},"class_list":["post-166","page","type-page","status-publish","hentry"],"_links":{"self":[{"href":"https:\/\/www.fsmuw.rwth-aachen.de\/en\/wp-json\/wp\/v2\/pages\/166","targetHints":{"allow":["GET"]}}],"collection":[{"href":"https:\/\/www.fsmuw.rwth-aachen.de\/en\/wp-json\/wp\/v2\/pages"}],"about":[{"href":"https:\/\/www.fsmuw.rwth-aachen.de\/en\/wp-json\/wp\/v2\/types\/page"}],"author":[{"embeddable":true,"href":"https:\/\/www.fsmuw.rwth-aachen.de\/en\/wp-json\/wp\/v2\/users\/2"}],"replies":[{"embeddable":true,"href":"https:\/\/www.fsmuw.rwth-aachen.de\/en\/wp-json\/wp\/v2\/comments?post=166"}],"version-history":[{"count":7,"href":"https:\/\/www.fsmuw.rwth-aachen.de\/en\/wp-json\/wp\/v2\/pages\/166\/revisions"}],"predecessor-version":[{"id":1920,"href":"https:\/\/www.fsmuw.rwth-aachen.de\/en\/wp-json\/wp\/v2\/pages\/166\/revisions\/1920"}],"wp:attachment":[{"href":"https:\/\/www.fsmuw.rwth-aachen.de\/en\/wp-json\/wp\/v2\/media?parent=166"}],"curies":[{"name":"wp","href":"https:\/\/api.w.org\/{rel}","templated":true}]}}