{"id":1932,"date":"2024-06-13T14:02:34","date_gmt":"2024-06-13T12:02:34","guid":{"rendered":"https:\/\/www.fsmuw.rwth-aachen.de\/?page_id=1932"},"modified":"2024-06-27T09:57:28","modified_gmt":"2024-06-27T07:57:28","slug":"nachhaltige-werkstofftechnik","status":"publish","type":"page","link":"https:\/\/www.fsmuw.rwth-aachen.de\/en\/studium\/nachhaltige-werkstofftechnik\/","title":{"rendered":"Nachhaltige Werkstofftechnik"},"content":{"rendered":"<p><strong>Entdecke die Zukunft der Werkstoffe &#8211; studiere Nachhaltige Werkstofftechnik<\/strong><br>Du m\u00f6chtest Teil einer zukunftsf\u00e4higen Gesellschaft sein und einen Beitrag zur Dekarbonisierung und Modernisierung der Industrie leisten &#8211; und das mit exzellenten Jobaussichten? Dann ist der Bachelorstudiengang Nachhaltige Werkstofftechnik an der RWTH Aachen University genau das Richtige f\u00fcr dich.<\/p>\n\n\n\n<p><strong>Warum Nachhaltige Werkstofftechnik<\/strong><br>Als Vorreiter der Kreislaufwirtschaft treiben unsere Absolventinnen und Absolventen Innovationen voran, die durch neue, bessere oder g\u00fcnstigere Werkstoffe oder Materialien erm\u00f6glicht werden. Im Studiengang dreht sich alles um die Steigerung der Nachhaltigkeit im Bereich der Werkstoffe und Materialien. Beispiele sind hier die CO\u2082-arme Herstellung und das Recycling von Materialien oder der an die Nutzung von Wasserstoff gekoppelte Innovationsbedarf in den Bereichen Mobilit\u00e4t, Geb\u00e4ude und Industrie. Neben den Materialien lernst du die Prozesse des Schmelzens, Erw\u00e4rmens, Umformens und der Veredelung kennen. Egal, ob du dich f\u00fcr Metalle, Gl\u00e4ser, Keramiken oder Kunststoffe interessierst: wir zeigen dir, wie du eine nachhaltige Werkstoffkette aufbaust.<\/p>\n\n\n\n<p><strong>Berufschancen und Perspektiven<\/strong><br>Der Studiengang Nachhaltige Werkstofftechnik \u00f6ffnet T\u00fcren in verschiedenen Bereichen, von der werkstofferzeugenden Industrie bis hin zu Forschungseinrichtungen und Beh\u00f6rden. Deine Expertise erm\u00f6glicht dir T\u00e4tigkeiten in der Werkstoffentwicklung, -produktion, und -pr\u00fcfung; der Metallerzeugung und \u2013verarbeitung sowie im Recycling. Der RWTH-typische Blick \u00fcber den Tellerrand er\u00f6ffnet sogar Bet\u00e4tigungsfelder in Umweltschutz, Vertrieb, Medizintechnik und der Unternehmensberatung<\/p>\n\n\n\n<p><strong>Warum den Studiengang wechseln?<\/strong><br>Der Studiengang &#8222;Nachhaltige Werkstofftechnik&#8220; ist aktuell der modernste Studiengang der RWTH. Neben aktuellen Thematiken und zukunftsweisenden Bef\u00e4higungen ist der Studiengang auf eine sinnvolle Kompetenzvermittelung und realistische Studierbarkeit getrimmt. Die Regelstudienzeit von 6 Semestern soll dort tats\u00e4chlich die Regel sein. Unter Betrachtung der hohen Durchschnittsstudienzeit in technischen Studieng\u00e4ngen der RWTH lohnt sich ein Wechsel auch aus anderen Studieng\u00e4ngen als &#8222;Werkstoffingenieuerwesen&#8220; selbst in h\u00f6heren Semestern<\/p>\n\n\n\n<p><strong>Wechselempfehlungen f\u00fcr Studierenden B. Sc. Werkstoffingenieurwesen:<\/strong><\/p>\n\n\n\n<figure class=\"wp-block-table\"><table><tbody><tr><td><b>Anzahl ECTS-Credits<\/b><\/td><td><b>Wechselempfehlung<\/b><\/td><\/tr><tr><td>0 \u2013 60 CP<\/td><td>Wechsel bedingungslos empfohlen<\/td><\/tr><tr><td>60 \u2013 120 CP<\/td><td>Wenn in Regelstudienzeit, dann fertig studieren. Ansonsten lohnt sich ein Wechsel definitiv<\/td><\/tr><tr><td>&gt; 120 CP<\/td><td>Studiert WerkIng fertig und schreibt euch in den Master NWT ein (geplanter Start SoSe 2025)<\/td><\/tr><\/tbody><\/table><\/figure>\n\n\n\n<h4 class=\"wp-block-heading\"><strong>additional Information<\/strong><\/h4>\n\n\n\n<p>Weitere Informationen zum <a href=\"https:\/\/www.rwth-aachen.de\/go\/id\/bhhika\" target=\"_blank\" rel=\"noreferrer noopener nofollow\">Bachelor<\/a> und zum Master (ab SoSe 2025) findest\u00a0du auf der Seite der RWTH Aachen.<\/p>\n\n\n\n<h4 class=\"wp-block-heading\"><strong>Examination Regulations<\/strong><\/h4>\n\n\n\n<p class=\"translation-block\">Current examination regulations can be found <a href=\"http:\/\/www.rwth-aachen.de\/cms\/root\/Die_RWTH\/Aktuell\/~xhf\/Amtliche-Bekanntmachungen\/?aaaaaaaaaaaaaaaaaqi=aaaaaaaaaaaaaayvt\" target=\"_self\">here<\/a> in the Official Announcements of RWTH Aachen University.<\/p>","protected":false},"excerpt":{"rendered":"<p>Entdecke die Zukunft der Werkstoffe &#8211; studiere Nachhaltige WerkstofftechnikDu m\u00f6chtest Teil einer zukunftsf\u00e4higen Gesellschaft sein und einen Beitrag zur Dekarbonisierung und Modernisierung der Industrie leisten&hellip;<\/p>","protected":false},"author":2,"featured_media":0,"parent":78,"menu_order":0,"comment_status":"closed","ping_status":"closed","template":"","meta":{"footnotes":""},"class_list":["post-1932","page","type-page","status-publish","hentry"],"_links":{"self":[{"href":"https:\/\/www.fsmuw.rwth-aachen.de\/en\/wp-json\/wp\/v2\/pages\/1932","targetHints":{"allow":["GET"]}}],"collection":[{"href":"https:\/\/www.fsmuw.rwth-aachen.de\/en\/wp-json\/wp\/v2\/pages"}],"about":[{"href":"https:\/\/www.fsmuw.rwth-aachen.de\/en\/wp-json\/wp\/v2\/types\/page"}],"author":[{"embeddable":true,"href":"https:\/\/www.fsmuw.rwth-aachen.de\/en\/wp-json\/wp\/v2\/users\/2"}],"replies":[{"embeddable":true,"href":"https:\/\/www.fsmuw.rwth-aachen.de\/en\/wp-json\/wp\/v2\/comments?post=1932"}],"version-history":[{"count":9,"href":"https:\/\/www.fsmuw.rwth-aachen.de\/en\/wp-json\/wp\/v2\/pages\/1932\/revisions"}],"predecessor-version":[{"id":2002,"href":"https:\/\/www.fsmuw.rwth-aachen.de\/en\/wp-json\/wp\/v2\/pages\/1932\/revisions\/2002"}],"up":[{"embeddable":true,"href":"https:\/\/www.fsmuw.rwth-aachen.de\/en\/wp-json\/wp\/v2\/pages\/78"}],"wp:attachment":[{"href":"https:\/\/www.fsmuw.rwth-aachen.de\/en\/wp-json\/wp\/v2\/media?parent=1932"}],"curies":[{"name":"wp","href":"https:\/\/api.w.org\/{rel}","templated":true}]}}