{"id":2251,"date":"2025-02-12T20:26:48","date_gmt":"2025-02-12T19:26:48","guid":{"rendered":"https:\/\/www.fsmuw.rwth-aachen.de\/?page_id=2251"},"modified":"2025-02-25T14:39:29","modified_gmt":"2025-02-25T13:39:29","slug":"anmeldung-isdm-2025","status":"publish","type":"page","link":"https:\/\/www.fsmuw.rwth-aachen.de\/en\/anmeldung-isdm-2025\/","title":{"rendered":"Anmeldung ISDM 2025"},"content":{"rendered":"<div class=\"wp-block-columns is-layout-flex wp-container-core-columns-is-layout-9d6595d7 wp-block-columns-is-layout-flex\">\n<div class=\"wp-block-column is-layout-flow wp-block-column-is-layout-flow\">\n<figure class=\"wp-block-image size-large\"><picture><source srcset=\"https:\/\/www.fsmuw.rwth-aachen.de\/wp-content\/webp-express\/webp-images\/doc-root\/wp-content\/uploads\/2025\/02\/Montanuni1-1024x681.jpg.webp 1024w, https:\/\/www.fsmuw.rwth-aachen.de\/wp-content\/webp-express\/webp-images\/doc-root\/wp-content\/uploads\/2025\/02\/Montanuni1-300x200.jpg.webp 300w, https:\/\/www.fsmuw.rwth-aachen.de\/wp-content\/webp-express\/webp-images\/doc-root\/wp-content\/uploads\/2025\/02\/Montanuni1-768x511.jpg.webp 768w, https:\/\/www.fsmuw.rwth-aachen.de\/wp-content\/webp-express\/webp-images\/doc-root\/wp-content\/uploads\/2025\/02\/Montanuni1-1536x1022.jpg.webp 1536w, https:\/\/www.fsmuw.rwth-aachen.de\/wp-content\/webp-express\/webp-images\/doc-root\/wp-content\/uploads\/2025\/02\/Montanuni1-2048x1363.jpg.webp 2048w, https:\/\/www.fsmuw.rwth-aachen.de\/wp-content\/webp-express\/webp-images\/doc-root\/wp-content\/uploads\/2025\/02\/Montanuni1-18x12.jpg.webp 18w\" sizes=\"auto, (max-width: 1024px) 100vw, 1024px\" type=\"image\/webp\"><img loading=\"lazy\" decoding=\"async\" width=\"1024\" height=\"681\" src=\"https:\/\/www.fsmuw.rwth-aachen.de\/wp-content\/uploads\/2025\/02\/Montanuni1-1024x681.jpg\" alt=\"\" class=\"wp-image-2266 webpexpress-processed\" srcset=\"https:\/\/www.fsmuw.rwth-aachen.de\/wp-content\/uploads\/2025\/02\/Montanuni1-1024x681.jpg 1024w, https:\/\/www.fsmuw.rwth-aachen.de\/wp-content\/uploads\/2025\/02\/Montanuni1-300x200.jpg 300w, https:\/\/www.fsmuw.rwth-aachen.de\/wp-content\/uploads\/2025\/02\/Montanuni1-768x511.jpg 768w, https:\/\/www.fsmuw.rwth-aachen.de\/wp-content\/uploads\/2025\/02\/Montanuni1-1536x1022.jpg 1536w, https:\/\/www.fsmuw.rwth-aachen.de\/wp-content\/uploads\/2025\/02\/Montanuni1-2048x1363.jpg 2048w, https:\/\/www.fsmuw.rwth-aachen.de\/wp-content\/uploads\/2025\/02\/Montanuni1-18x12.jpg 18w\" sizes=\"auto, (max-width: 1024px) 100vw, 1024px\"><\/picture><\/figure>\n\n\n\n<p><p style=\"font-size: 8px\">Quelle:  <a href=\"https:\/\/commons.wikimedia.org\/wiki\/File:Montanuni1.jpg\">https:\/\/commons.wikimedia.org\/wiki\/File:Montanuni1.jpg<\/a><\/p><\/p>\n<\/div>\n\n\n\n<div class=\"wp-block-column is-layout-flow wp-block-column-is-layout-flow\">\n<figure class=\"wp-block-image size-large\"><picture><source srcset=\"https:\/\/www.fsmuw.rwth-aachen.de\/wp-content\/webp-express\/webp-images\/doc-root\/wp-content\/uploads\/2025\/02\/Montanuniversitaet-1024x680.jpg.webp 1024w, https:\/\/www.fsmuw.rwth-aachen.de\/wp-content\/webp-express\/webp-images\/doc-root\/wp-content\/uploads\/2025\/02\/Montanuniversitaet-300x199.jpg.webp 300w, https:\/\/www.fsmuw.rwth-aachen.de\/wp-content\/webp-express\/webp-images\/doc-root\/wp-content\/uploads\/2025\/02\/Montanuniversitaet-768x510.jpg.webp 768w, https:\/\/www.fsmuw.rwth-aachen.de\/wp-content\/webp-express\/webp-images\/doc-root\/wp-content\/uploads\/2025\/02\/Montanuniversitaet-1536x1020.jpg.webp 1536w, https:\/\/www.fsmuw.rwth-aachen.de\/wp-content\/webp-express\/webp-images\/doc-root\/wp-content\/uploads\/2025\/02\/Montanuniversitaet-2048x1360.jpg.webp 2048w, https:\/\/www.fsmuw.rwth-aachen.de\/wp-content\/webp-express\/webp-images\/doc-root\/wp-content\/uploads\/2025\/02\/Montanuniversitaet-18x12.jpg.webp 18w\" sizes=\"auto, (max-width: 1024px) 100vw, 1024px\" type=\"image\/webp\"><img loading=\"lazy\" decoding=\"async\" width=\"1024\" height=\"680\" src=\"https:\/\/www.fsmuw.rwth-aachen.de\/wp-content\/uploads\/2025\/02\/Montanuniversitaet-1024x680.jpg\" alt=\"\" class=\"wp-image-2267 webpexpress-processed\" srcset=\"https:\/\/www.fsmuw.rwth-aachen.de\/wp-content\/uploads\/2025\/02\/Montanuniversitaet-1024x680.jpg 1024w, https:\/\/www.fsmuw.rwth-aachen.de\/wp-content\/uploads\/2025\/02\/Montanuniversitaet-300x199.jpg 300w, https:\/\/www.fsmuw.rwth-aachen.de\/wp-content\/uploads\/2025\/02\/Montanuniversitaet-768x510.jpg 768w, https:\/\/www.fsmuw.rwth-aachen.de\/wp-content\/uploads\/2025\/02\/Montanuniversitaet-1536x1020.jpg 1536w, https:\/\/www.fsmuw.rwth-aachen.de\/wp-content\/uploads\/2025\/02\/Montanuniversitaet-2048x1360.jpg 2048w, https:\/\/www.fsmuw.rwth-aachen.de\/wp-content\/uploads\/2025\/02\/Montanuniversitaet-18x12.jpg 18w\" sizes=\"auto, (max-width: 1024px) 100vw, 1024px\"><\/picture><\/figure>\n\n\n\n<p><p style=\"font-size: 8px\">Quelle:  Walter Edler, <a href=\"https:\/\/commons.wikimedia.org\/wiki\/File:Montanuniversit%C3%A4t.jpg\">https:\/\/commons.wikimedia.org\/wiki\/File:Montanuniversit%C3%A4t.jpg<\/a><\/p><\/p>\n<\/div>\n<\/div>\n\n\n\n<p>Die ASMET Studentensektion der Montanuniversit\u00e4t Leoben freut sich zum&nbsp;<strong>Internationalen Studierendententag der Metallurgie (kurz:&nbsp;ISDM)<\/strong>&nbsp;einladen&nbsp;zu d\u00fcrfen!&nbsp;<\/p>\n\n\n\n<p><strong>Wann?<\/strong>&nbsp;9.\u201311. April 2025&nbsp;<br><strong>Wo?<\/strong>&nbsp;Montanuniversit\u00e4t&nbsp;Leoben, \u00d6sterreich&nbsp;<br><strong>Preis?<\/strong>&nbsp;regul\u00e4r 50\u20ac Tagungsgeb\u00fchr,&nbsp;zuz\u00fcglich&nbsp;50\u20ac&nbsp;mit \u00dcbernachtungen&nbsp;in den Hotels Kongress und Kindler.<\/p>\n\n\n\n<p>F\u00fcr bis zu <strong>9 Personen<\/strong> k\u00f6nnen wir die <strong>Kosten<\/strong> der Anfahrt (Bahn), Tagungsgeb\u00fchr und \u00dcbernachtung <strong>als Fachschaft und als Verein der Aachener H\u00fcttenleute e.V. \u00fcbernehmen!<\/strong> Ihr bezahlt also nichts \ud83d\ude42<\/p>\n\n\n\n<p>Der<strong> ISDM<\/strong> bietet&nbsp;Euch die perfekte Gelegenheit, tief in die Welt der Metallurgie einzutauchen,&nbsp;Euer berufliches Netzwerk zu erweitern und die neuesten Trends der Branche zu erleben.&nbsp;<\/p>\n\n\n\n<p><strong>Warum dabei sein?<\/strong>&nbsp;<\/p>\n\n\n\n<ul class=\"wp-block-list\">\n<li><strong>Networking:&nbsp;<\/strong>Der ISDM ist DIE Gelegenheit alte Metallurg*innenfreundschaften&nbsp;wieder aufleben zu lassen und&nbsp;unser internationales Netzwerk&nbsp;weiter auszubauen. Auch der&nbsp;direkte&nbsp;Kontakt mit branchenf\u00fchrenden Firmen&nbsp;der Metallurgie-Industrie&nbsp;ist nicht zu untersch\u00e4tzen und bietet&nbsp;Euch die M\u00f6glichkeit&nbsp;Eure&nbsp;zuk\u00fcnftigen&nbsp;Arbeitgeber n\u00e4her kennenzulernen.&nbsp;<\/li>\n\n\n\n<li><strong>Vorteil f\u00fcr&nbsp;Vortragende<\/strong>: Wer seine Bachelor- oder Masterarbeit pr\u00e4sentiert, kann seine&nbsp;Pr\u00e4sentationsskills&nbsp;in einem sicheren Umfeld trainieren und seine Arbeit einem interessierten, fachkundigem Publikum vorstellen!&nbsp;Der beste Vortrag wird zus\u00e4tzlich mit einem Preis ausgezeichnet.&nbsp;&nbsp;<\/li>\n<\/ul>\n\n\n\n<p>Wenn du diese Vorteile als Vortragende*r in Anspruch nehmen m\u00f6chtest, sende bitte <strong>bis 21.02.2025<\/strong> unter Verwendung <a href=\"https:\/\/tinyurl.com\/2a5d5leo\" data-type=\"link\" data-id=\"https:\/\/tinyurl.com\/2a5d5leo\">dieser Vorlage<\/a> einen kurzen Abstract zu deinem Thema an <a href=\"mailto:isdm2025le@gmail.com\">isdm2025le@gmail.com<\/a> <strong>und an <\/strong><a href=\"mailto:vdah@fsmuw.rwth-aachen.de\">vdah@fsmuw.rwth-aachen.de<\/a>. Ist dies nicht geschehen, wirst du als einfache*r Teilnehmer*in angemeldet.<\/p>\n\n\n\n<p><\/p>\n\n\n\n<p>Folgendes Programm ist vorgesehen:<\/p>\n\n\n\n<p><strong>Mittwoch, 9. April 2025<\/strong>&nbsp;<\/p>\n\n\n\n<ul class=\"wp-block-list\">\n<li><strong>Anreise und Check-in<\/strong>: Hotels Kongress &amp; Kindler&nbsp;<\/li>\n\n\n\n<li><strong>18:00 Uhr<\/strong> Er\u00f6ffnungsabend im Studienzentrum, Begr\u00fc\u00dfung durch den&nbsp;Vizerektor und Auftakt in entspannter Atmosph\u00e4re&nbsp;<\/li>\n<\/ul>\n\n\n\n<p><strong>Donnerstag, 10. April 2025<\/strong>&nbsp;<\/p>\n\n\n\n<ul class=\"wp-block-list\">\n<li><strong>08:00 Uhr<\/strong>:&nbsp;<\/li>\n\n\n\n<li>Spannende&nbsp;<strong>Firmenvortr\u00e4ge<\/strong>&nbsp;und Pr\u00e4sentationen von Bachelor-\/Masterarbeiten&nbsp;und&nbsp;wissenschaftlichen&nbsp;Papers&nbsp;im neuen Universit\u00e4tsgeb\u00e4ude der Montanuni&nbsp;<\/li>\n\n\n\n<li><strong>Karrieremesse<\/strong>: Lerne Top-Unternehmen der Branche kennen!&nbsp;<\/li>\n\n\n\n<li><strong>18:00 Uhr<\/strong>:&nbsp;Galaabend im Live&nbsp;Congress&nbsp;\u2013 Ein Highlight, dass&nbsp;Ihr&nbsp;nicht verpassen solltet!<\/li>\n<\/ul>\n\n\n\n<p><strong>Freitag, 11. April 2025<\/strong>&nbsp;<\/p>\n\n\n\n<ul class=\"wp-block-list\">\n<li><strong>Check-out aus den Hotels<\/strong>&nbsp;<\/li>\n\n\n\n<li><strong>Exkursionen<\/strong>: Besuch f\u00fchrender Unternehmen der&nbsp;Metallurgiebranche.<\/li>\n<\/ul>\n\n\n\n<p><\/p>\n\n\n\n<p>Meldet euch hier an. First come, first serve! Die Pl\u00e4tze sind begrenzt, daher bedeutet eine Registrierung nicht direkt, dass ihr auch einen Platz sicher habt.<\/p>\n\n\n\n<p>Bitte denkt daran, f\u00fcr den Galaabend entsprechende Abendgarderobe mitzubringen.<\/p>\n\n\n\n<p>Die Anmeldung ist geschlossen.<\/p>","protected":false},"excerpt":{"rendered":"<p>Quelle: https:\/\/commons.wikimedia.org\/wiki\/File:Montanuni1.jpg Quelle: Walter Edler, https:\/\/commons.wikimedia.org\/wiki\/File:Montanuniversit%C3%A4t.jpg Die ASMET Studentensektion der Montanuniversit\u00e4t Leoben freut sich zum&nbsp;Internationalen Studierendententag der Metallurgie (kurz:&nbsp;ISDM)&nbsp;einladen&nbsp;zu d\u00fcrfen!&nbsp; Wann?&nbsp;9.\u201311. April 2025&nbsp;Wo?&nbsp;Montanuniversit\u00e4t&nbsp;Leoben, \u00d6sterreich&nbsp;Preis?&nbsp;regul\u00e4r 50\u20ac&hellip;<\/p>","protected":false},"author":10,"featured_media":0,"parent":0,"menu_order":0,"comment_status":"closed","ping_status":"closed","template":"","meta":{"footnotes":""},"class_list":["post-2251","page","type-page","status-publish","hentry"],"_links":{"self":[{"href":"https:\/\/www.fsmuw.rwth-aachen.de\/en\/wp-json\/wp\/v2\/pages\/2251","targetHints":{"allow":["GET"]}}],"collection":[{"href":"https:\/\/www.fsmuw.rwth-aachen.de\/en\/wp-json\/wp\/v2\/pages"}],"about":[{"href":"https:\/\/www.fsmuw.rwth-aachen.de\/en\/wp-json\/wp\/v2\/types\/page"}],"author":[{"embeddable":true,"href":"https:\/\/www.fsmuw.rwth-aachen.de\/en\/wp-json\/wp\/v2\/users\/10"}],"replies":[{"embeddable":true,"href":"https:\/\/www.fsmuw.rwth-aachen.de\/en\/wp-json\/wp\/v2\/comments?post=2251"}],"version-history":[{"count":12,"href":"https:\/\/www.fsmuw.rwth-aachen.de\/en\/wp-json\/wp\/v2\/pages\/2251\/revisions"}],"predecessor-version":[{"id":2293,"href":"https:\/\/www.fsmuw.rwth-aachen.de\/en\/wp-json\/wp\/v2\/pages\/2251\/revisions\/2293"}],"wp:attachment":[{"href":"https:\/\/www.fsmuw.rwth-aachen.de\/en\/wp-json\/wp\/v2\/media?parent=2251"}],"curies":[{"name":"wp","href":"https:\/\/api.w.org\/{rel}","templated":true}]}}