{"id":690,"date":"2022-09-08T14:12:44","date_gmt":"2022-09-08T12:12:44","guid":{"rendered":"https:\/\/www.fsmuw.rwth-aachen.de\/?page_id=690"},"modified":"2024-10-08T15:59:01","modified_gmt":"2024-10-08T13:59:01","slug":"woche","status":"publish","type":"page","link":"https:\/\/www.fsmuw.rwth-aachen.de\/en\/studium\/esa\/woche\/","title":{"rendered":"Freshmen Week"},"content":{"rendered":"<p>During the first days at the university you will be introduced to the everyday life of the university with a 4-day program. During this program you will get to know a lot of new people besides all the formalities that have to be taken care of.<br>In order that you always know what takes place when and where, you will find the timetables for your course of studies for this introductory week here. Of course, the ESA team is always ready to help with advice and support.<\/p>\n\n\n\n<p>You can find the schedule for this year's freshers week for the different courses down below in the attachments.<\/p>\n\n\n\n<h4 class=\"wp-block-heading\">Information on the organisation of the freshers week<\/h4>\n\n\n\n<ul class=\"wp-block-list\">\n<li><a href=\"https:\/\/www.fsmuw.rwth-aachen.de\/en\/studium\/esa\/team\/\" data-type=\"page\" data-id=\"686\">ESA-Team<\/a><\/li>\n<\/ul>\n\n\n\n<h4 class=\"wp-block-heading\">Attachments<\/h4>\n\n\n\n<div class=\"wp-block-file\"><a id=\"wp-block-file--media-4609007f-de8a-445b-89f6-d6da0dfa7067\" href=\"https:\/\/www.fsmuw.rwth-aachen.de\/wp-content\/uploads\/2024\/09\/Stundenplaene-5.2-2024-1.pdf\" target=\"_blank\" rel=\"noreferrer noopener\">Schedule freshers week 2024<\/a><a href=\"https:\/\/www.fsmuw.rwth-aachen.de\/wp-content\/uploads\/2024\/09\/Stundenplaene-5.2-2024-1.pdf\" class=\"wp-block-file__button wp-element-button\" download aria-describedby=\"wp-block-file--media-4609007f-de8a-445b-89f6-d6da0dfa7067\">Download<\/a><\/div>\n\n\n\n<h4 class=\"wp-block-heading\">Freshers week feedback 2024<\/h4>\n\n\n\n<p>You're welcome to give feedback about the freshers week here:<\/p>\n\n\n\n<p><a href=\"https:\/\/www.fsmuw.rwth-aachen.de\/en\/feedback-zur-erstiwoche\/\" data-type=\"page\" data-id=\"2079\">Freshers week feedback 2024<\/a><\/p>","protected":false},"excerpt":{"rendered":"<p>In den ersten Tagen an der Universit\u00e4t werdet ihr von uns mit einem 4-t\u00e4gigen Programm in den Unialltag eingef\u00fchrt. Dabei lernt ihr neben den ganzen&hellip;<\/p>","protected":false},"author":2,"featured_media":0,"parent":90,"menu_order":0,"comment_status":"closed","ping_status":"closed","template":"","meta":{"footnotes":""},"class_list":["post-690","page","type-page","status-publish","hentry"],"_links":{"self":[{"href":"https:\/\/www.fsmuw.rwth-aachen.de\/en\/wp-json\/wp\/v2\/pages\/690","targetHints":{"allow":["GET"]}}],"collection":[{"href":"https:\/\/www.fsmuw.rwth-aachen.de\/en\/wp-json\/wp\/v2\/pages"}],"about":[{"href":"https:\/\/www.fsmuw.rwth-aachen.de\/en\/wp-json\/wp\/v2\/types\/page"}],"author":[{"embeddable":true,"href":"https:\/\/www.fsmuw.rwth-aachen.de\/en\/wp-json\/wp\/v2\/users\/2"}],"replies":[{"embeddable":true,"href":"https:\/\/www.fsmuw.rwth-aachen.de\/en\/wp-json\/wp\/v2\/comments?post=690"}],"version-history":[{"count":25,"href":"https:\/\/www.fsmuw.rwth-aachen.de\/en\/wp-json\/wp\/v2\/pages\/690\/revisions"}],"predecessor-version":[{"id":2088,"href":"https:\/\/www.fsmuw.rwth-aachen.de\/en\/wp-json\/wp\/v2\/pages\/690\/revisions\/2088"}],"up":[{"embeddable":true,"href":"https:\/\/www.fsmuw.rwth-aachen.de\/en\/wp-json\/wp\/v2\/pages\/90"}],"wp:attachment":[{"href":"https:\/\/www.fsmuw.rwth-aachen.de\/en\/wp-json\/wp\/v2\/media?parent=690"}],"curies":[{"name":"wp","href":"https:\/\/api.w.org\/{rel}","templated":true}]}}