{"id":78,"date":"2020-03-25T12:54:59","date_gmt":"2020-03-25T11:54:59","guid":{"rendered":"https:\/\/www.fsmuw.rwth-aachen.de\/?page_id=78"},"modified":"2020-04-03T15:38:20","modified_gmt":"2020-04-03T13:38:20","slug":"studium","status":"publish","type":"page","link":"https:\/\/www.fsmuw.rwth-aachen.de\/en\/studium\/","title":{"rendered":"Studying at RWTH Aachen"},"content":{"rendered":"<h4 class=\"wp-block-heading\"><strong>Academic courses<\/strong><\/h4>\n\n\n\n<p>Our student council includes the students of the following courses of study:<\/p>\n\n\n\n<ul class=\"wp-block-list\"><li><a href=\"https:\/\/www.fsmuw.rwth-aachen.de\/en\/studium\/werking\/\"> Materials engineering (B.Sc. &amp; M.Sc.)<\/a><\/li><li> <a href=\"https:\/\/www.fsmuw.rwth-aachen.de\/en\/studium\/wirting\/\">Business Administration and Engineering: Materials and Process Engineering (B.Sc. &amp; M.Sc.)<\/a><\/li><li> <a href=\"https:\/\/www.fsmuw.rwth-aachen.de\/en\/studium\/matwiss\/\">Materials Science (B.Sc. &amp; M.Sc.)<\/a><\/li><li> Metallurgical Engineering (M.Sc.)<\/li><li> Automation Engineering (M.Sc.) - the students enrolled in Faculty 5 <\/li><\/ul>\n\n\n\n<p class=\"translation-block\">For all academic courses, the respective <a rel=\"noreferrer noopener\" aria-label=\"Fachstudienberatungen (opens in new tab)\" href=\"https:\/\/www.muw.rwth-aachen.de\/cms\/Materialwissenschaft-und-Werkstofftechnik\/Studium\/Studierende\/Beratung\/~fken\/Fachstudienberatung\/\" target=\"_blank\">Academic Advisings<\/a> or the Division MuW has its own <a href=\"https:\/\/www. muw.rwth-aachen.de\/cms\/Metallurgie_und_Werkstofftechnik\/Studium\/~kwl\/Studiengaenge\/\" target=\"_blank\" rel=\"noreferrer noopener\" aria-label=\" (opens in new tab)\">Websites<\/a>, which we would like to refer to here.<\/p>\n\n\n\n<h4 class=\"wp-block-heading\"><strong>First-Year Orientation<\/strong> <\/h4>\n\n\n\n<p class=\"translation-block\">We would also like to draw your attention to the introduction of the First-Year Orientation. At the beginning of your studies you will be introduced to the customs of studying at the RWTH Aachen University within 4 days.You can read more about this <a href=\"https:\/\/www.fsmuw.rwth-aachen.de\/en\/studium\/esa\/\" target=\"_blank\" rel=\"noreferrer noopener\">here<\/a>.<\/p>","protected":false},"excerpt":{"rendered":"<p>Studieng\u00e4nge Zu unserer Fachschaft geh\u00f6ren die Studierenden der Studieng\u00e4nge: Werkstoffingenieurwesen (B.Sc. &amp; M.Sc.) Wirtschaftsingenieurwesen Fachrichtung Werkstoff- und Prozesstechnik (B.Sc. &amp; M.Sc.) Materialwissenschaften (B.Sc. &amp; M.Sc.)&hellip;<\/p>","protected":false},"author":1,"featured_media":0,"parent":0,"menu_order":0,"comment_status":"closed","ping_status":"closed","template":"","meta":{"footnotes":""},"class_list":["post-78","page","type-page","status-publish","hentry"],"_links":{"self":[{"href":"https:\/\/www.fsmuw.rwth-aachen.de\/en\/wp-json\/wp\/v2\/pages\/78","targetHints":{"allow":["GET"]}}],"collection":[{"href":"https:\/\/www.fsmuw.rwth-aachen.de\/en\/wp-json\/wp\/v2\/pages"}],"about":[{"href":"https:\/\/www.fsmuw.rwth-aachen.de\/en\/wp-json\/wp\/v2\/types\/page"}],"author":[{"embeddable":true,"href":"https:\/\/www.fsmuw.rwth-aachen.de\/en\/wp-json\/wp\/v2\/users\/1"}],"replies":[{"embeddable":true,"href":"https:\/\/www.fsmuw.rwth-aachen.de\/en\/wp-json\/wp\/v2\/comments?post=78"}],"version-history":[{"count":4,"href":"https:\/\/www.fsmuw.rwth-aachen.de\/en\/wp-json\/wp\/v2\/pages\/78\/revisions"}],"predecessor-version":[{"id":432,"href":"https:\/\/www.fsmuw.rwth-aachen.de\/en\/wp-json\/wp\/v2\/pages\/78\/revisions\/432"}],"wp:attachment":[{"href":"https:\/\/www.fsmuw.rwth-aachen.de\/en\/wp-json\/wp\/v2\/media?parent=78"}],"curies":[{"name":"wp","href":"https:\/\/api.w.org\/{rel}","templated":true}]}}